{"id":30,"date":"2022-01-03T21:50:16","date_gmt":"2022-01-04T02:50:16","guid":{"rendered":"https:\/\/marginidellaselva.wordpress.com\/contatti\/"},"modified":"2024-09-24T15:56:58","modified_gmt":"2024-09-24T13:56:58","slug":"contatti","status":"publish","type":"page","link":"https:\/\/aimarginidellaselva.it\/index.php\/contatti\/","title":{"rendered":"CONTATTI"},"content":{"rendered":"\n<div class=\"wp-block-cover alignfull has-parallax wp-duotone-unset-1\" style=\"min-height:347px;aspect-ratio:unset;\"><span aria-hidden=\"true\" class=\"wp-block-cover__background has-background-dim-40 has-background-dim\"><\/span><div class=\"wp-block-cover__image-background wp-image-79 has-parallax\" style=\"background-position:50% 50%;background-image:url(https:\/\/aimarginidellaselva.it\/wp-content\/uploads\/2022\/02\/img_20211214_151624-scaled.jpg)\"><\/div><div class=\"wp-block-cover__inner-container is-layout-constrained wp-block-cover-is-layout-constrained\">\n<h2 class=\"wp-block-heading has-text-align-center o-typing-delay-100ms has-ast-global-color-5-color has-text-color has-link-color wp-elements-48e01240fbcc80bb13e5aba54bf23850\" style=\"font-size:47px\"><o-anim-typing>CONTATTACI<\/o-anim-typing><\/h2>\n<\/div><\/div>\n\n\n\n<p><\/p>\n\n\n\n<p class=\"has-text-align-center has-medium-font-size\">Questo \u00e8 un blog collettivo e aperto alla creativit\u00e0 di chi ha voglia di condividere racconti vissuti sul margine.<\/p>\n\n\n\n<p class=\"has-text-align-center has-medium-font-size\">Spesso ci sentiamo marginali ed emarginate, per le pi\u00f9 simili e diverse ragioni. <\/p>\n\n\n\n<p class=\"has-text-align-center has-medium-font-size\"><br><em>Che cosa significa il margine per te? Qual \u00e8 il tuo margine? Quanti margini hai?<\/em><\/p>\n\n\n\n<div class=\"wp-block-columns alignfull is-layout-flex wp-container-core-columns-is-layout-28f84493 wp-block-columns-is-layout-flex\">\n<div class=\"wp-block-column is-layout-flow wp-block-column-is-layout-flow\" style=\"flex-basis:100%\">\n<div class=\"wp-block-columns alignwide are-vertically-aligned-center has-2-columns is-layout-flex wp-container-core-columns-is-layout-28f84493 wp-block-columns-is-layout-flex\">\n<div class=\"wp-block-column is-vertically-aligned-center is-layout-flow wp-block-column-is-layout-flow\">\n<h2 class=\"wp-block-heading has-text-align-center\" id=\"inviaci-un-messaggio\">Inviaci un messaggio<\/h2>\n<\/div>\n<\/div>\n<\/div>\n<\/div>\n\n\n<style id=\"wpforms-css-vars-root\">\n\t\t\t\t:root {\n\t\t\t\t\t--wpforms-field-border-radius: 3px;\n--wpforms-field-background-color: #ffffff;\n--wpforms-field-border-color: rgba( 0, 0, 0, 0.25 );\n--wpforms-field-text-color: rgba( 0, 0, 0, 0.7 );\n--wpforms-label-color: rgba( 0, 0, 0, 0.85 );\n--wpforms-label-sublabel-color: rgba( 0, 0, 0, 0.55 );\n--wpforms-label-error-color: #d63637;\n--wpforms-button-border-radius: 3px;\n--wpforms-button-background-color: #066aab;\n--wpforms-button-text-color: #ffffff;\n--wpforms-field-size-input-height: 43px;\n--wpforms-field-size-input-spacing: 15px;\n--wpforms-field-size-font-size: 16px;\n--wpforms-field-size-line-height: 19px;\n--wpforms-field-size-padding-h: 14px;\n--wpforms-field-size-checkbox-size: 16px;\n--wpforms-field-size-sublabel-spacing: 5px;\n--wpforms-field-size-icon-size: 1;\n--wpforms-label-size-font-size: 16px;\n--wpforms-label-size-line-height: 19px;\n--wpforms-label-size-sublabel-font-size: 14px;\n--wpforms-label-size-sublabel-line-height: 17px;\n--wpforms-button-size-font-size: 17px;\n--wpforms-button-size-height: 41px;\n--wpforms-button-size-padding-h: 15px;\n--wpforms-button-size-margin-top: 10px;\n\n\t\t\t\t}\n\t\t\t<\/style><div class=\"wpforms-container wpforms-container-full wpforms-block wpforms-block-5dd692c2-3b27-4113-bfb5-5f5185e7b619 wpforms-render-modern\" id=\"wpforms-351\"><form id=\"wpforms-form-351\" class=\"wpforms-validate wpforms-form wpforms-ajax-form\" data-formid=\"351\" method=\"post\" enctype=\"multipart\/form-data\" action=\"\/index.php\/wp-json\/wp\/v2\/pages\/30\" data-token=\"9f7f63d8a2a6cb5e09d924740b85fd6f\"><noscript class=\"wpforms-error-noscript\">Abilita JavaScript nel browser per completare questo modulo.<\/noscript><div class=\"wpforms-hidden\" id=\"wpforms-error-noscript\">Abilita JavaScript nel browser per completare questo modulo.<\/div><div class=\"wpforms-field-container\"><div id=\"wpforms-351-field_0-container\" class=\"wpforms-field wpforms-field-name\" data-field-id=\"0\"><fieldset><legend class=\"wpforms-field-label\">Nome <span class=\"wpforms-required-label\" aria-hidden=\"true\">*<\/span><\/legend><div class=\"wpforms-field-row wpforms-field-medium\"><div class=\"wpforms-field-row-block wpforms-first wpforms-one-half\"><input type=\"text\" id=\"wpforms-351-field_0\" class=\"wpforms-field-name-first wpforms-field-required\" name=\"wpforms[fields][0][first]\" aria-errormessage=\"wpforms-351-field_0-error\" required><label for=\"wpforms-351-field_0\" class=\"wpforms-field-sublabel after \">Nome<\/label><\/div><div class=\"wpforms-field-row-block wpforms-one-half\"><input type=\"text\" id=\"wpforms-351-field_0-last\" class=\"wpforms-field-name-last wpforms-field-required\" name=\"wpforms[fields][0][last]\" aria-errormessage=\"wpforms-351-field_0-last-error\" required><label for=\"wpforms-351-field_0-last\" class=\"wpforms-field-sublabel after \">Cognome<\/label><\/div><\/div><\/fieldset><\/div><div id=\"wpforms-351-field_1-container\" class=\"wpforms-field wpforms-field-email\" data-field-id=\"1\"><label class=\"wpforms-field-label\" for=\"wpforms-351-field_1\">Email <span class=\"wpforms-required-label\" aria-hidden=\"true\">*<\/span><\/label><input type=\"email\" id=\"wpforms-351-field_1\" class=\"wpforms-field-medium wpforms-field-required\" name=\"wpforms[fields][1]\" placeholder=\"ex@email.com\" spellcheck=\"false\" aria-errormessage=\"wpforms-351-field_1-error\" required><\/div><div id=\"wpforms-351-field_2-container\" class=\"wpforms-field wpforms-field-textarea\" data-field-id=\"2\"><label class=\"wpforms-field-label\" for=\"wpforms-351-field_2\">Commento o messaggio <span class=\"wpforms-required-label\" aria-hidden=\"true\">*<\/span><\/label><textarea id=\"wpforms-351-field_2\" class=\"wpforms-field-medium wpforms-field-required\" name=\"wpforms[fields][2]\" placeholder=\"Ciao.......\" aria-errormessage=\"wpforms-351-field_2-error\" required><\/textarea><\/div><\/div><!-- .wpforms-field-container --><div class=\"wpforms-submit-container\" ><input type=\"hidden\" name=\"wpforms[id]\" value=\"351\"><input type=\"hidden\" name=\"wpforms[author]\" value=\"2\"><button type=\"submit\" name=\"wpforms[submit]\" id=\"wpforms-submit-351\" class=\"wpforms-submit\" data-alt-text=\"Il tuo messaggio sta venendo spedito verso i margini...\" data-submit-text=\"Invia\" aria-live=\"assertive\" value=\"wpforms-submit\">Invia<\/button><img decoding=\"async\" src=\"https:\/\/aimarginidellaselva.it\/wp-content\/plugins\/wpforms-lite\/assets\/images\/submit-spin.svg\" class=\"wpforms-submit-spinner\" style=\"display: none;\" width=\"26\" height=\"26\" alt=\"Caricamento\"><\/div><\/form><\/div>  <!-- .wpforms-container -->\n\n\n<div class=\"wp-block-group is-layout-constrained wp-block-group-is-layout-constrained\">\n<div class=\"wp-block-group is-layout-constrained wp-block-group-is-layout-constrained\">\n<div style=\"height:0px\" aria-hidden=\"true\" class=\"wp-block-spacer\"><\/div>\n\n\n\n<ul class=\"wp-block-social-links aligncenter has-large-icon-size has-visible-labels is-style-logos-only is-content-justification-center is-layout-flex wp-container-core-social-links-is-layout-a89b3969 wp-block-social-links-is-layout-flex\"><li class=\"wp-social-link wp-social-link-instagram  wp-block-social-link\"><a rel=\"noopener nofollow\" target=\"_blank\" href=\"https:\/\/www.instagram.com\/aimarginidellaselva\/\" class=\"wp-block-social-link-anchor\"><svg width=\"24\" height=\"24\" viewBox=\"0 0 24 24\" version=\"1.1\" xmlns=\"http:\/\/www.w3.org\/2000\/svg\" aria-hidden=\"true\" focusable=\"false\"><path d=\"M12,4.622c2.403,0,2.688,0.009,3.637,0.052c0.877,0.04,1.354,0.187,1.671,0.31c0.42,0.163,0.72,0.358,1.035,0.673 c0.315,0.315,0.51,0.615,0.673,1.035c0.123,0.317,0.27,0.794,0.31,1.671c0.043,0.949,0.052,1.234,0.052,3.637 s-0.009,2.688-0.052,3.637c-0.04,0.877-0.187,1.354-0.31,1.671c-0.163,0.42-0.358,0.72-0.673,1.035 c-0.315,0.315-0.615,0.51-1.035,0.673c-0.317,0.123-0.794,0.27-1.671,0.31c-0.949,0.043-1.233,0.052-3.637,0.052 s-2.688-0.009-3.637-0.052c-0.877-0.04-1.354-0.187-1.671-0.31c-0.42-0.163-0.72-0.358-1.035-0.673 c-0.315-0.315-0.51-0.615-0.673-1.035c-0.123-0.317-0.27-0.794-0.31-1.671C4.631,14.688,4.622,14.403,4.622,12 s0.009-2.688,0.052-3.637c0.04-0.877,0.187-1.354,0.31-1.671c0.163-0.42,0.358-0.72,0.673-1.035 c0.315-0.315,0.615-0.51,1.035-0.673c0.317-0.123,0.794-0.27,1.671-0.31C9.312,4.631,9.597,4.622,12,4.622 M12,3 C9.556,3,9.249,3.01,8.289,3.054C7.331,3.098,6.677,3.25,6.105,3.472C5.513,3.702,5.011,4.01,4.511,4.511 c-0.5,0.5-0.808,1.002-1.038,1.594C3.25,6.677,3.098,7.331,3.054,8.289C3.01,9.249,3,9.556,3,12c0,2.444,0.01,2.751,0.054,3.711 c0.044,0.958,0.196,1.612,0.418,2.185c0.23,0.592,0.538,1.094,1.038,1.594c0.5,0.5,1.002,0.808,1.594,1.038 c0.572,0.222,1.227,0.375,2.185,0.418C9.249,20.99,9.556,21,12,21s2.751-0.01,3.711-0.054c0.958-0.044,1.612-0.196,2.185-0.418 c0.592-0.23,1.094-0.538,1.594-1.038c0.5-0.5,0.808-1.002,1.038-1.594c0.222-0.572,0.375-1.227,0.418-2.185 C20.99,14.751,21,14.444,21,12s-0.01-2.751-0.054-3.711c-0.044-0.958-0.196-1.612-0.418-2.185c-0.23-0.592-0.538-1.094-1.038-1.594 c-0.5-0.5-1.002-0.808-1.594-1.038c-0.572-0.222-1.227-0.375-2.185-0.418C14.751,3.01,14.444,3,12,3L12,3z M12,7.378 c-2.552,0-4.622,2.069-4.622,4.622S9.448,16.622,12,16.622s4.622-2.069,4.622-4.622S14.552,7.378,12,7.378z M12,15 c-1.657,0-3-1.343-3-3s1.343-3,3-3s3,1.343,3,3S13.657,15,12,15z M16.804,6.116c-0.596,0-1.08,0.484-1.08,1.08 s0.484,1.08,1.08,1.08c0.596,0,1.08-0.484,1.08-1.08S17.401,6.116,16.804,6.116z\"><\/path><\/svg><span class=\"wp-block-social-link-label\">aimarginidellaselva<\/span><\/a><\/li>\n\n<li class=\"wp-social-link wp-social-link-mail  wp-block-social-link\"><a rel=\"noopener nofollow\" target=\"_blank\" href=\"mailto:&#105;nf&#111;&#064;&#097;i&#109;&#097;r&#103;in&#105;&#100;ellas&#101;&#108;&#118;&#097;&#046;i&#116;\" class=\"wp-block-social-link-anchor\"><svg width=\"24\" height=\"24\" viewBox=\"0 0 24 24\" version=\"1.1\" xmlns=\"http:\/\/www.w3.org\/2000\/svg\" aria-hidden=\"true\" focusable=\"false\"><path d=\"M19,5H5c-1.1,0-2,.9-2,2v10c0,1.1.9,2,2,2h14c1.1,0,2-.9,2-2V7c0-1.1-.9-2-2-2zm.5,12c0,.3-.2.5-.5.5H5c-.3,0-.5-.2-.5-.5V9.8l7.5,5.6,7.5-5.6V17zm0-9.1L12,13.6,4.5,7.9V7c0-.3.2-.5.5-.5h14c.3,0,.5.2.5.5v.9z\"><\/path><\/svg><span class=\"wp-block-social-link-label\">info@aimarginidellaselva.it<\/span><\/a><\/li><\/ul>\n<\/div>\n<\/div>\n","protected":false},"excerpt":{"rendered":"<p>Questo \u00e8 un blog collettivo e aperto alla creativit\u00e0 di chi ha voglia di condividere racconti vissuti sul margine. Spesso ci sentiamo marginali ed emarginate, per le pi\u00f9 simili e diverse ragioni. Che cosa significa il margine per te? Qual \u00e8 il tuo margine? Quanti margini hai? Inviaci un messaggio<\/p>\n","protected":false},"author":2,"featured_media":0,"parent":0,"menu_order":1,"comment_status":"closed","ping_status":"closed","template":"","meta":{"om_disable_all_campaigns":false,"_uag_custom_page_level_css":"","site-sidebar-layout":"default","site-content-layout":"","ast-site-content-layout":"","site-content-style":"default","site-sidebar-style":"default","ast-global-header-display":"","ast-banner-title-visibility":"","ast-main-header-display":"","ast-hfb-above-header-display":"","ast-hfb-below-header-display":"","ast-hfb-mobile-header-display":"","site-post-title":"disabled","ast-breadcrumbs-content":"","ast-featured-img":"","footer-sml-layout":"","theme-transparent-header-meta":"","adv-header-id-meta":"","stick-header-meta":"","header-above-stick-meta":"","header-main-stick-meta":"","header-below-stick-meta":"","astra-migrate-meta-layouts":"","ast-page-background-enabled":"default","ast-page-background-meta":{"desktop":{"background-color":"var(--ast-global-color-4)","background-image":"","background-repeat":"repeat","background-position":"center center","background-size":"auto","background-attachment":"scroll","background-type":"","background-media":"","overlay-type":"","overlay-color":"","overlay-opacity":"","overlay-gradient":""},"tablet":{"background-color":"","background-image":"","background-repeat":"repeat","background-position":"center center","background-size":"auto","background-attachment":"scroll","background-type":"","background-media":"","overlay-type":"","overlay-color":"","overlay-opacity":"","overlay-gradient":""},"mobile":{"background-color":"","background-image":"","background-repeat":"repeat","background-position":"center center","background-size":"auto","background-attachment":"scroll","background-type":"","background-media":"","overlay-type":"","overlay-color":"","overlay-opacity":"","overlay-gradient":""}},"ast-content-background-meta":{"desktop":{"background-color":"var(--ast-global-color-5)","background-image":"","background-repeat":"repeat","background-position":"center center","background-size":"auto","background-attachment":"scroll","background-type":"","background-media":"","overlay-type":"","overlay-color":"","overlay-opacity":"","overlay-gradient":""},"tablet":{"background-color":"var(--ast-global-color-5)","background-image":"","background-repeat":"repeat","background-position":"center center","background-size":"auto","background-attachment":"scroll","background-type":"","background-media":"","overlay-type":"","overlay-color":"","overlay-opacity":"","overlay-gradient":""},"mobile":{"background-color":"var(--ast-global-color-5)","background-image":"","background-repeat":"repeat","background-position":"center center","background-size":"auto","background-attachment":"scroll","background-type":"","background-media":"","overlay-type":"","overlay-color":"","overlay-opacity":"","overlay-gradient":""}},"footnotes":""},"ppma_author":[21],"class_list":["post-30","page","type-page","status-publish","hentry"],"yoast_head":"<!-- This site is optimized with the Yoast SEO plugin v22.1 - https:\/\/yoast.com\/wordpress\/plugins\/seo\/ -->\n<title>CONTATTI - Ai margini della Selva<\/title>\n<meta name=\"robots\" content=\"index, follow, max-snippet:-1, max-image-preview:large, max-video-preview:-1\" \/>\n<link rel=\"canonical\" href=\"https:\/\/aimarginidellaselva.it\/index.php\/contatti\/\" \/>\n<meta property=\"og:locale\" content=\"it_IT\" \/>\n<meta property=\"og:type\" content=\"article\" \/>\n<meta property=\"og:title\" content=\"CONTATTI - Ai margini della Selva\" \/>\n<meta property=\"og:description\" content=\"Questo \u00e8 un blog collettivo e aperto alla creativit\u00e0 di chi ha voglia di condividere racconti vissuti sul margine. Spesso ci sentiamo marginali ed emarginate, per le pi\u00f9 simili e diverse ragioni. Che cosa significa il margine per te? Qual \u00e8 il tuo margine? Quanti margini hai? Inviaci un messaggio\" \/>\n<meta property=\"og:url\" content=\"https:\/\/aimarginidellaselva.it\/index.php\/contatti\/\" \/>\n<meta property=\"og:site_name\" content=\"Ai margini della Selva\" \/>\n<meta property=\"article:modified_time\" content=\"2024-09-24T13:56:58+00:00\" \/>\n<meta name=\"twitter:card\" content=\"summary_large_image\" \/>\n<meta name=\"twitter:label1\" content=\"Tempo di lettura stimato\" \/>\n\t<meta name=\"twitter:data1\" content=\"1 minuto\" \/>\n<script type=\"application\/ld+json\" class=\"yoast-schema-graph\">{\"@context\":\"https:\/\/schema.org\",\"@graph\":[{\"@type\":\"WebPage\",\"@id\":\"https:\/\/aimarginidellaselva.it\/index.php\/contatti\/\",\"url\":\"https:\/\/aimarginidellaselva.it\/index.php\/contatti\/\",\"name\":\"CONTATTI - Ai margini della Selva\",\"isPartOf\":{\"@id\":\"https:\/\/aimarginidellaselva.it\/#website\"},\"datePublished\":\"2022-01-04T02:50:16+00:00\",\"dateModified\":\"2024-09-24T13:56:58+00:00\",\"breadcrumb\":{\"@id\":\"https:\/\/aimarginidellaselva.it\/index.php\/contatti\/#breadcrumb\"},\"inLanguage\":\"it-IT\",\"potentialAction\":[{\"@type\":\"ReadAction\",\"target\":[\"https:\/\/aimarginidellaselva.it\/index.php\/contatti\/\"]}]},{\"@type\":\"BreadcrumbList\",\"@id\":\"https:\/\/aimarginidellaselva.it\/index.php\/contatti\/#breadcrumb\",\"itemListElement\":[{\"@type\":\"ListItem\",\"position\":1,\"name\":\"Home\",\"item\":\"https:\/\/aimarginidellaselva.it\/\"},{\"@type\":\"ListItem\",\"position\":2,\"name\":\"CONTATTI\"}]},{\"@type\":\"WebSite\",\"@id\":\"https:\/\/aimarginidellaselva.it\/#website\",\"url\":\"https:\/\/aimarginidellaselva.it\/\",\"name\":\"Ai margini della Selva\",\"description\":\"\",\"publisher\":{\"@id\":\"https:\/\/aimarginidellaselva.it\/#organization\"},\"potentialAction\":[{\"@type\":\"SearchAction\",\"target\":{\"@type\":\"EntryPoint\",\"urlTemplate\":\"https:\/\/aimarginidellaselva.it\/?s={search_term_string}\"},\"query-input\":\"required name=search_term_string\"}],\"inLanguage\":\"it-IT\"},{\"@type\":\"Organization\",\"@id\":\"https:\/\/aimarginidellaselva.it\/#organization\",\"name\":\"Ai margini della Selva\",\"url\":\"https:\/\/aimarginidellaselva.it\/\",\"logo\":{\"@type\":\"ImageObject\",\"inLanguage\":\"it-IT\",\"@id\":\"https:\/\/aimarginidellaselva.it\/#\/schema\/logo\/image\/\",\"url\":\"https:\/\/aimarginidellaselva.it\/wp-content\/uploads\/2023\/12\/cropped-logo-aimarginidellaselva.png\",\"contentUrl\":\"https:\/\/aimarginidellaselva.it\/wp-content\/uploads\/2023\/12\/cropped-logo-aimarginidellaselva.png\",\"width\":2080,\"height\":2081,\"caption\":\"Ai margini della Selva\"},\"image\":{\"@id\":\"https:\/\/aimarginidellaselva.it\/#\/schema\/logo\/image\/\"},\"sameAs\":[\"https:\/\/www.instagram.com\/aimarginidellaselva\/\"]}]}<\/script>\n<!-- \/ Yoast SEO plugin. -->","yoast_head_json":{"title":"CONTATTI - Ai margini della Selva","robots":{"index":"index","follow":"follow","max-snippet":"max-snippet:-1","max-image-preview":"max-image-preview:large","max-video-preview":"max-video-preview:-1"},"canonical":"https:\/\/aimarginidellaselva.it\/index.php\/contatti\/","og_locale":"it_IT","og_type":"article","og_title":"CONTATTI - Ai margini della Selva","og_description":"Questo \u00e8 un blog collettivo e aperto alla creativit\u00e0 di chi ha voglia di condividere racconti vissuti sul margine. Spesso ci sentiamo marginali ed emarginate, per le pi\u00f9 simili e diverse ragioni. Che cosa significa il margine per te? Qual \u00e8 il tuo margine? Quanti margini hai? Inviaci un messaggio","og_url":"https:\/\/aimarginidellaselva.it\/index.php\/contatti\/","og_site_name":"Ai margini della Selva","article_modified_time":"2024-09-24T13:56:58+00:00","twitter_card":"summary_large_image","twitter_misc":{"Tempo di lettura stimato":"1 minuto"},"schema":{"@context":"https:\/\/schema.org","@graph":[{"@type":"WebPage","@id":"https:\/\/aimarginidellaselva.it\/index.php\/contatti\/","url":"https:\/\/aimarginidellaselva.it\/index.php\/contatti\/","name":"CONTATTI - Ai margini della Selva","isPartOf":{"@id":"https:\/\/aimarginidellaselva.it\/#website"},"datePublished":"2022-01-04T02:50:16+00:00","dateModified":"2024-09-24T13:56:58+00:00","breadcrumb":{"@id":"https:\/\/aimarginidellaselva.it\/index.php\/contatti\/#breadcrumb"},"inLanguage":"it-IT","potentialAction":[{"@type":"ReadAction","target":["https:\/\/aimarginidellaselva.it\/index.php\/contatti\/"]}]},{"@type":"BreadcrumbList","@id":"https:\/\/aimarginidellaselva.it\/index.php\/contatti\/#breadcrumb","itemListElement":[{"@type":"ListItem","position":1,"name":"Home","item":"https:\/\/aimarginidellaselva.it\/"},{"@type":"ListItem","position":2,"name":"CONTATTI"}]},{"@type":"WebSite","@id":"https:\/\/aimarginidellaselva.it\/#website","url":"https:\/\/aimarginidellaselva.it\/","name":"Ai margini della Selva","description":"","publisher":{"@id":"https:\/\/aimarginidellaselva.it\/#organization"},"potentialAction":[{"@type":"SearchAction","target":{"@type":"EntryPoint","urlTemplate":"https:\/\/aimarginidellaselva.it\/?s={search_term_string}"},"query-input":"required name=search_term_string"}],"inLanguage":"it-IT"},{"@type":"Organization","@id":"https:\/\/aimarginidellaselva.it\/#organization","name":"Ai margini della Selva","url":"https:\/\/aimarginidellaselva.it\/","logo":{"@type":"ImageObject","inLanguage":"it-IT","@id":"https:\/\/aimarginidellaselva.it\/#\/schema\/logo\/image\/","url":"https:\/\/aimarginidellaselva.it\/wp-content\/uploads\/2023\/12\/cropped-logo-aimarginidellaselva.png","contentUrl":"https:\/\/aimarginidellaselva.it\/wp-content\/uploads\/2023\/12\/cropped-logo-aimarginidellaselva.png","width":2080,"height":2081,"caption":"Ai margini della Selva"},"image":{"@id":"https:\/\/aimarginidellaselva.it\/#\/schema\/logo\/image\/"},"sameAs":["https:\/\/www.instagram.com\/aimarginidellaselva\/"]}]}},"uagb_featured_image_src":{"full":false,"thumbnail":false,"medium":false,"medium_large":false,"large":false,"1536x1536":false,"2048x2048":false,"awb_sm":false,"awb_md":false,"awb_lg":false,"awb_xl":false},"uagb_author_info":{"display_name":"Maddalena Martini","author_link":"https:\/\/aimarginidellaselva.it\/index.php\/author\/madmaddalena\/"},"uagb_comment_info":0,"uagb_excerpt":"Questo \u00e8 un blog collettivo e aperto alla creativit\u00e0 di chi ha voglia di condividere racconti vissuti sul margine. Spesso ci sentiamo marginali ed emarginate, per le pi\u00f9 simili e diverse ragioni. Che cosa significa il margine per te? Qual \u00e8 il tuo margine? Quanti margini hai? Inviaci un messaggio","_links":{"self":[{"href":"https:\/\/aimarginidellaselva.it\/index.php\/wp-json\/wp\/v2\/pages\/30","targetHints":{"allow":["GET"]}}],"collection":[{"href":"https:\/\/aimarginidellaselva.it\/index.php\/wp-json\/wp\/v2\/pages"}],"about":[{"href":"https:\/\/aimarginidellaselva.it\/index.php\/wp-json\/wp\/v2\/types\/page"}],"author":[{"embeddable":true,"href":"https:\/\/aimarginidellaselva.it\/index.php\/wp-json\/wp\/v2\/users\/2"}],"replies":[{"embeddable":true,"href":"https:\/\/aimarginidellaselva.it\/index.php\/wp-json\/wp\/v2\/comments?post=30"}],"version-history":[{"count":13,"href":"https:\/\/aimarginidellaselva.it\/index.php\/wp-json\/wp\/v2\/pages\/30\/revisions"}],"predecessor-version":[{"id":1492,"href":"https:\/\/aimarginidellaselva.it\/index.php\/wp-json\/wp\/v2\/pages\/30\/revisions\/1492"}],"wp:attachment":[{"href":"https:\/\/aimarginidellaselva.it\/index.php\/wp-json\/wp\/v2\/media?parent=30"}],"wp:term":[{"taxonomy":"author","embeddable":true,"href":"https:\/\/aimarginidellaselva.it\/index.php\/wp-json\/wp\/v2\/ppma_author?post=30"}],"curies":[{"name":"wp","href":"https:\/\/api.w.org\/{rel}","templated":true}]}}