{"id":2076,"date":"2025-05-02T16:19:10","date_gmt":"2025-05-02T14:19:10","guid":{"rendered":"https:\/\/aimarginidellaselva.it\/?page_id=2076"},"modified":"2025-05-02T16:26:01","modified_gmt":"2025-05-02T14:26:01","slug":"caramelle-uova-telescopiche","status":"publish","type":"page","link":"https:\/\/aimarginidellaselva.it\/index.php\/pubblicazioni\/poesie\/caramelle-uova-telescopiche\/","title":{"rendered":"Caramelle uova telescopiche"},"content":{"rendered":"\n<div style=\"height:100px\" aria-hidden=\"true\" class=\"wp-block-spacer\"><\/div>\n\n\n\n<figure class=\"wp-block-image alignleft size-large is-resized\"><img fetchpriority=\"high\" decoding=\"async\" width=\"1024\" height=\"959\" src=\"https:\/\/aimarginidellaselva.it\/wp-content\/uploads\/2025\/04\/Caramelle-uova-telescopiche-1-1024x959.jpeg\" alt=\"\" class=\"wp-image-2077\" style=\"width:460px;height:auto\" srcset=\"https:\/\/aimarginidellaselva.it\/wp-content\/uploads\/2025\/04\/Caramelle-uova-telescopiche-1-1024x959.jpeg 1024w, https:\/\/aimarginidellaselva.it\/wp-content\/uploads\/2025\/04\/Caramelle-uova-telescopiche-1-300x281.jpeg 300w, https:\/\/aimarginidellaselva.it\/wp-content\/uploads\/2025\/04\/Caramelle-uova-telescopiche-1-768x719.jpeg 768w, https:\/\/aimarginidellaselva.it\/wp-content\/uploads\/2025\/04\/Caramelle-uova-telescopiche-1-1536x1439.jpeg 1536w, https:\/\/aimarginidellaselva.it\/wp-content\/uploads\/2025\/04\/Caramelle-uova-telescopiche-1-500x468.jpeg 500w, https:\/\/aimarginidellaselva.it\/wp-content\/uploads\/2025\/04\/Caramelle-uova-telescopiche-1-800x749.jpeg 800w, https:\/\/aimarginidellaselva.it\/wp-content\/uploads\/2025\/04\/Caramelle-uova-telescopiche-1-1280x1199.jpeg 1280w, https:\/\/aimarginidellaselva.it\/wp-content\/uploads\/2025\/04\/Caramelle-uova-telescopiche-1.jpeg 1879w\" sizes=\"(max-width: 1024px) 100vw, 1024px\" \/><\/figure>\n\n\n\n<div style=\"height:100px\" aria-hidden=\"true\" class=\"wp-block-spacer\"><\/div>\n\n\n\n<p>Se sei donna, marginale e con dipendenze, quello che rimane&nbsp;<br>sono solo caramelle.&nbsp;<br>Quelle che trovi in aeroporto,&nbsp;<br>pensando che&nbsp;<br>possa farti da casa.&nbsp;<br><\/p>\n\n\n\n<p>Hai solo caramelle<br>Quelle che ti rimangono&nbsp;<br>mentre chiedi aiuto&nbsp;<br>e non lo si riesce a ricevere.&nbsp;<\/p>\n\n\n\n<p>Hai solo caramelle<br>Che non ti bastano&nbsp;<br>e rovisti nella spazzatura.<\/p>\n\n\n\n<p>Hai solo caramelle<br>Quelle che mi offri&nbsp;<br>come fossero carezze&nbsp;<br>Quelle che tu vorresti&nbsp;<br>perch\u00e9 ti mancano&nbsp;<br>che giustamente cerchi.&nbsp;<br>E pur di riceverle,&nbsp;<br>Vai al macero.<\/p>\n\n\n\n<p>Hai solo caramelle,&nbsp;<br>Quelle che mangi singhiozzando&nbsp;<br>davanti all\u2019assistente sociale,&nbsp;<br>a me, al SerD.&nbsp;<\/p>\n\n\n\n<p>Hai solo caramelle<br>Quelle che rincorri su quel treno.&nbsp;<br>Hai solo caramelle&nbsp;<br>Quelle che per\u00f2 ci tieni ad offrire&nbsp;<br>anche se poi non ne rimangono per te.&nbsp;<\/p>\n\n\n\n<p>Hai solo caramelle<br>In quella borsetta che ti tieni stretta, perch\u00e9 non hai pi\u00f9 nemmeno la giacca,&nbsp;<br>ti hanno SGOMBERATA.&nbsp;<\/p>\n\n\n\n<p>Hai solo caramelle<br>Senza inclusione sociale.<br>Hai solo caramelle&nbsp;<br>Dipendenze<br>Uomini che vengono prima&nbsp;<br>La depressione<br>La scoppia d\u2019amore<br>La riduzione del danno<\/p>\n\n\n\n<p>Hai solo caramelle&nbsp;<br>in quel mare di pezzi di te&nbsp;<br>che dicono siano da \u201csistemare\u201d.&nbsp;<br>Che poi bho chiss\u00e0 da dove partire.&nbsp;<br>Ma perch\u00e9 ridursi a un pezzo&nbsp;<br>quando si \u00e8 moltitudini&nbsp;<br>di pezzi e sfaccettature?&nbsp;<\/p>\n\n\n\n<p>E io che ti guardo.&nbsp;<br>In tasca le tue caramelle&nbsp;<br>Perch\u00e9 solo quelle posso ridarti&nbsp;<br>in mezzo a queste bestemmie.&nbsp;<br>Io e te sorelle<br>Telescopi puntati&nbsp;<br>su un mondo parallelo&nbsp;<br>in questo universo comune di Stelle.&nbsp;<\/p>\n\n\n\n<p>Per noi per\u00f2 solo caramelle.<\/p>\n\n\n\n<div style=\"height:100px\" aria-hidden=\"true\" class=\"wp-block-spacer\"><\/div>\n","protected":false},"excerpt":{"rendered":"<p>Se sei donna, marginale e con dipendenze, quello che rimane&nbsp;sono solo caramelle.&nbsp;Quelle che trovi in aeroporto,&nbsp;pensando che&nbsp;possa farti da casa.&nbsp; Hai solo caramelleQuelle che ti rimangono&nbsp;mentre chiedi aiuto&nbsp;e non lo si riesce a ricevere.&nbsp; Hai solo caramelleChe non ti bastano&nbsp;e rovisti nella spazzatura. Hai solo caramelleQuelle che mi offri&nbsp;come fossero carezze&nbsp;Quelle che tu vorresti&nbsp;perch\u00e9 ti [&hellip;]<\/p>\n","protected":false},"author":2,"featured_media":2090,"parent":413,"menu_order":0,"comment_status":"closed","ping_status":"closed","template":"","meta":{"om_disable_all_campaigns":false,"_uag_custom_page_level_css":"","site-sidebar-layout":"default","site-content-layout":"","ast-site-content-layout":"normal-width-container","site-content-style":"default","site-sidebar-style":"default","ast-global-header-display":"","ast-banner-title-visibility":"","ast-main-header-display":"","ast-hfb-above-header-display":"","ast-hfb-below-header-display":"","ast-hfb-mobile-header-display":"","site-post-title":"disabled","ast-breadcrumbs-content":"","ast-featured-img":"","footer-sml-layout":"","theme-transparent-header-meta":"","adv-header-id-meta":"","stick-header-meta":"","header-above-stick-meta":"","header-main-stick-meta":"","header-below-stick-meta":"","astra-migrate-meta-layouts":"default","ast-page-background-enabled":"default","ast-page-background-meta":{"desktop":{"background-color":"var(--ast-global-color-4)","background-image":"","background-repeat":"repeat","background-position":"center center","background-size":"auto","background-attachment":"scroll","background-type":"","background-media":"","overlay-type":"","overlay-color":"","overlay-opacity":"","overlay-gradient":""},"tablet":{"background-color":"","background-image":"","background-repeat":"repeat","background-position":"center center","background-size":"auto","background-attachment":"scroll","background-type":"","background-media":"","overlay-type":"","overlay-color":"","overlay-opacity":"","overlay-gradient":""},"mobile":{"background-color":"","background-image":"","background-repeat":"repeat","background-position":"center center","background-size":"auto","background-attachment":"scroll","background-type":"","background-media":"","overlay-type":"","overlay-color":"","overlay-opacity":"","overlay-gradient":""}},"ast-content-background-meta":{"desktop":{"background-color":"var(--ast-global-color-5)","background-image":"","background-repeat":"repeat","background-position":"center center","background-size":"auto","background-attachment":"scroll","background-type":"","background-media":"","overlay-type":"","overlay-color":"","overlay-opacity":"","overlay-gradient":""},"tablet":{"background-color":"var(--ast-global-color-5)","background-image":"","background-repeat":"repeat","background-position":"center center","background-size":"auto","background-attachment":"scroll","background-type":"","background-media":"","overlay-type":"","overlay-color":"","overlay-opacity":"","overlay-gradient":""},"mobile":{"background-color":"var(--ast-global-color-5)","background-image":"","background-repeat":"repeat","background-position":"center center","background-size":"auto","background-attachment":"scroll","background-type":"","background-media":"","overlay-type":"","overlay-color":"","overlay-opacity":"","overlay-gradient":""}},"footnotes":""},"ppma_author":[107],"class_list":["post-2076","page","type-page","status-publish","has-post-thumbnail","hentry"],"yoast_head":"<!-- This site is optimized with the Yoast SEO plugin v22.1 - https:\/\/yoast.com\/wordpress\/plugins\/seo\/ -->\n<title>Caramelle uova telescopiche - Ai margini della Selva<\/title>\n<meta name=\"robots\" content=\"index, follow, max-snippet:-1, max-image-preview:large, max-video-preview:-1\" \/>\n<link rel=\"canonical\" href=\"https:\/\/aimarginidellaselva.it\/index.php\/pubblicazioni\/poesie\/caramelle-uova-telescopiche\/\" \/>\n<meta property=\"og:locale\" content=\"it_IT\" \/>\n<meta property=\"og:type\" content=\"article\" \/>\n<meta property=\"og:title\" content=\"Caramelle uova telescopiche - Ai margini della Selva\" \/>\n<meta property=\"og:description\" content=\"Se sei donna, marginale e con dipendenze, quello che rimane&nbsp;sono solo caramelle.&nbsp;Quelle che trovi in aeroporto,&nbsp;pensando che&nbsp;possa farti da casa.&nbsp; Hai solo caramelleQuelle che ti rimangono&nbsp;mentre chiedi aiuto&nbsp;e non lo si riesce a ricevere.&nbsp; Hai solo caramelleChe non ti bastano&nbsp;e rovisti nella spazzatura. Hai solo caramelleQuelle che mi offri&nbsp;come fossero carezze&nbsp;Quelle che tu vorresti&nbsp;perch\u00e9 ti [&hellip;]\" \/>\n<meta property=\"og:url\" content=\"https:\/\/aimarginidellaselva.it\/index.php\/pubblicazioni\/poesie\/caramelle-uova-telescopiche\/\" \/>\n<meta property=\"og:site_name\" content=\"Ai margini della Selva\" \/>\n<meta property=\"article:modified_time\" content=\"2025-05-02T14:26:01+00:00\" \/>\n<meta property=\"og:image\" content=\"https:\/\/aimarginidellaselva.it\/wp-content\/uploads\/2025\/05\/image.jpg\" \/>\n\t<meta property=\"og:image:width\" content=\"1107\" \/>\n\t<meta property=\"og:image:height\" content=\"1181\" \/>\n\t<meta property=\"og:image:type\" content=\"image\/jpeg\" \/>\n<meta name=\"twitter:card\" content=\"summary_large_image\" \/>\n<meta name=\"twitter:label1\" content=\"Tempo di lettura stimato\" \/>\n\t<meta name=\"twitter:data1\" content=\"2 minuti\" \/>\n<script type=\"application\/ld+json\" class=\"yoast-schema-graph\">{\"@context\":\"https:\/\/schema.org\",\"@graph\":[{\"@type\":\"WebPage\",\"@id\":\"https:\/\/aimarginidellaselva.it\/index.php\/pubblicazioni\/poesie\/caramelle-uova-telescopiche\/\",\"url\":\"https:\/\/aimarginidellaselva.it\/index.php\/pubblicazioni\/poesie\/caramelle-uova-telescopiche\/\",\"name\":\"Caramelle uova telescopiche - Ai margini della Selva\",\"isPartOf\":{\"@id\":\"https:\/\/aimarginidellaselva.it\/#website\"},\"datePublished\":\"2025-05-02T14:19:10+00:00\",\"dateModified\":\"2025-05-02T14:26:01+00:00\",\"breadcrumb\":{\"@id\":\"https:\/\/aimarginidellaselva.it\/index.php\/pubblicazioni\/poesie\/caramelle-uova-telescopiche\/#breadcrumb\"},\"inLanguage\":\"it-IT\",\"potentialAction\":[{\"@type\":\"ReadAction\",\"target\":[\"https:\/\/aimarginidellaselva.it\/index.php\/pubblicazioni\/poesie\/caramelle-uova-telescopiche\/\"]}]},{\"@type\":\"BreadcrumbList\",\"@id\":\"https:\/\/aimarginidellaselva.it\/index.php\/pubblicazioni\/poesie\/caramelle-uova-telescopiche\/#breadcrumb\",\"itemListElement\":[{\"@type\":\"ListItem\",\"position\":1,\"name\":\"Home\",\"item\":\"https:\/\/aimarginidellaselva.it\/\"},{\"@type\":\"ListItem\",\"position\":2,\"name\":\"PUBBLICAZIONI\",\"item\":\"https:\/\/aimarginidellaselva.it\/\"},{\"@type\":\"ListItem\",\"position\":3,\"name\":\"POESIE\",\"item\":\"https:\/\/aimarginidellaselva.it\/index.php\/pubblicazioni\/poesie\/\"},{\"@type\":\"ListItem\",\"position\":4,\"name\":\"Caramelle uova telescopiche\"}]},{\"@type\":\"WebSite\",\"@id\":\"https:\/\/aimarginidellaselva.it\/#website\",\"url\":\"https:\/\/aimarginidellaselva.it\/\",\"name\":\"Ai margini della Selva\",\"description\":\"\",\"publisher\":{\"@id\":\"https:\/\/aimarginidellaselva.it\/#organization\"},\"potentialAction\":[{\"@type\":\"SearchAction\",\"target\":{\"@type\":\"EntryPoint\",\"urlTemplate\":\"https:\/\/aimarginidellaselva.it\/?s={search_term_string}\"},\"query-input\":\"required name=search_term_string\"}],\"inLanguage\":\"it-IT\"},{\"@type\":\"Organization\",\"@id\":\"https:\/\/aimarginidellaselva.it\/#organization\",\"name\":\"Ai margini della Selva\",\"url\":\"https:\/\/aimarginidellaselva.it\/\",\"logo\":{\"@type\":\"ImageObject\",\"inLanguage\":\"it-IT\",\"@id\":\"https:\/\/aimarginidellaselva.it\/#\/schema\/logo\/image\/\",\"url\":\"https:\/\/aimarginidellaselva.it\/wp-content\/uploads\/2023\/12\/cropped-logo-aimarginidellaselva.png\",\"contentUrl\":\"https:\/\/aimarginidellaselva.it\/wp-content\/uploads\/2023\/12\/cropped-logo-aimarginidellaselva.png\",\"width\":2080,\"height\":2081,\"caption\":\"Ai margini della Selva\"},\"image\":{\"@id\":\"https:\/\/aimarginidellaselva.it\/#\/schema\/logo\/image\/\"},\"sameAs\":[\"https:\/\/www.instagram.com\/aimarginidellaselva\/\"]}]}<\/script>\n<!-- \/ Yoast SEO plugin. -->","yoast_head_json":{"title":"Caramelle uova telescopiche - Ai margini della Selva","robots":{"index":"index","follow":"follow","max-snippet":"max-snippet:-1","max-image-preview":"max-image-preview:large","max-video-preview":"max-video-preview:-1"},"canonical":"https:\/\/aimarginidellaselva.it\/index.php\/pubblicazioni\/poesie\/caramelle-uova-telescopiche\/","og_locale":"it_IT","og_type":"article","og_title":"Caramelle uova telescopiche - Ai margini della Selva","og_description":"Se sei donna, marginale e con dipendenze, quello che rimane&nbsp;sono solo caramelle.&nbsp;Quelle che trovi in aeroporto,&nbsp;pensando che&nbsp;possa farti da casa.&nbsp; Hai solo caramelleQuelle che ti rimangono&nbsp;mentre chiedi aiuto&nbsp;e non lo si riesce a ricevere.&nbsp; Hai solo caramelleChe non ti bastano&nbsp;e rovisti nella spazzatura. Hai solo caramelleQuelle che mi offri&nbsp;come fossero carezze&nbsp;Quelle che tu vorresti&nbsp;perch\u00e9 ti [&hellip;]","og_url":"https:\/\/aimarginidellaselva.it\/index.php\/pubblicazioni\/poesie\/caramelle-uova-telescopiche\/","og_site_name":"Ai margini della Selva","article_modified_time":"2025-05-02T14:26:01+00:00","og_image":[{"width":1107,"height":1181,"url":"https:\/\/aimarginidellaselva.it\/wp-content\/uploads\/2025\/05\/image.jpg","type":"image\/jpeg"}],"twitter_card":"summary_large_image","twitter_misc":{"Tempo di lettura stimato":"2 minuti"},"schema":{"@context":"https:\/\/schema.org","@graph":[{"@type":"WebPage","@id":"https:\/\/aimarginidellaselva.it\/index.php\/pubblicazioni\/poesie\/caramelle-uova-telescopiche\/","url":"https:\/\/aimarginidellaselva.it\/index.php\/pubblicazioni\/poesie\/caramelle-uova-telescopiche\/","name":"Caramelle uova telescopiche - Ai margini della Selva","isPartOf":{"@id":"https:\/\/aimarginidellaselva.it\/#website"},"datePublished":"2025-05-02T14:19:10+00:00","dateModified":"2025-05-02T14:26:01+00:00","breadcrumb":{"@id":"https:\/\/aimarginidellaselva.it\/index.php\/pubblicazioni\/poesie\/caramelle-uova-telescopiche\/#breadcrumb"},"inLanguage":"it-IT","potentialAction":[{"@type":"ReadAction","target":["https:\/\/aimarginidellaselva.it\/index.php\/pubblicazioni\/poesie\/caramelle-uova-telescopiche\/"]}]},{"@type":"BreadcrumbList","@id":"https:\/\/aimarginidellaselva.it\/index.php\/pubblicazioni\/poesie\/caramelle-uova-telescopiche\/#breadcrumb","itemListElement":[{"@type":"ListItem","position":1,"name":"Home","item":"https:\/\/aimarginidellaselva.it\/"},{"@type":"ListItem","position":2,"name":"PUBBLICAZIONI","item":"https:\/\/aimarginidellaselva.it\/"},{"@type":"ListItem","position":3,"name":"POESIE","item":"https:\/\/aimarginidellaselva.it\/index.php\/pubblicazioni\/poesie\/"},{"@type":"ListItem","position":4,"name":"Caramelle uova telescopiche"}]},{"@type":"WebSite","@id":"https:\/\/aimarginidellaselva.it\/#website","url":"https:\/\/aimarginidellaselva.it\/","name":"Ai margini della Selva","description":"","publisher":{"@id":"https:\/\/aimarginidellaselva.it\/#organization"},"potentialAction":[{"@type":"SearchAction","target":{"@type":"EntryPoint","urlTemplate":"https:\/\/aimarginidellaselva.it\/?s={search_term_string}"},"query-input":"required name=search_term_string"}],"inLanguage":"it-IT"},{"@type":"Organization","@id":"https:\/\/aimarginidellaselva.it\/#organization","name":"Ai margini della Selva","url":"https:\/\/aimarginidellaselva.it\/","logo":{"@type":"ImageObject","inLanguage":"it-IT","@id":"https:\/\/aimarginidellaselva.it\/#\/schema\/logo\/image\/","url":"https:\/\/aimarginidellaselva.it\/wp-content\/uploads\/2023\/12\/cropped-logo-aimarginidellaselva.png","contentUrl":"https:\/\/aimarginidellaselva.it\/wp-content\/uploads\/2023\/12\/cropped-logo-aimarginidellaselva.png","width":2080,"height":2081,"caption":"Ai margini della Selva"},"image":{"@id":"https:\/\/aimarginidellaselva.it\/#\/schema\/logo\/image\/"},"sameAs":["https:\/\/www.instagram.com\/aimarginidellaselva\/"]}]}},"uagb_featured_image_src":{"full":["https:\/\/aimarginidellaselva.it\/wp-content\/uploads\/2025\/05\/image.jpg",1107,1181,false],"thumbnail":["https:\/\/aimarginidellaselva.it\/wp-content\/uploads\/2025\/05\/image-150x150.jpg",150,150,true],"medium":["https:\/\/aimarginidellaselva.it\/wp-content\/uploads\/2025\/05\/image-281x300.jpg",281,300,true],"medium_large":["https:\/\/aimarginidellaselva.it\/wp-content\/uploads\/2025\/05\/image-768x819.jpg",768,819,true],"large":["https:\/\/aimarginidellaselva.it\/wp-content\/uploads\/2025\/05\/image-960x1024.jpg",960,1024,true],"1536x1536":["https:\/\/aimarginidellaselva.it\/wp-content\/uploads\/2025\/05\/image.jpg",1107,1181,false],"2048x2048":["https:\/\/aimarginidellaselva.it\/wp-content\/uploads\/2025\/05\/image.jpg",1107,1181,false],"awb_sm":["https:\/\/aimarginidellaselva.it\/wp-content\/uploads\/2025\/05\/image-500x533.jpg",500,533,true],"awb_md":["https:\/\/aimarginidellaselva.it\/wp-content\/uploads\/2025\/05\/image-800x853.jpg",800,853,true],"awb_lg":["https:\/\/aimarginidellaselva.it\/wp-content\/uploads\/2025\/05\/image.jpg",1107,1181,false],"awb_xl":["https:\/\/aimarginidellaselva.it\/wp-content\/uploads\/2025\/05\/image.jpg",1107,1181,false]},"uagb_author_info":{"display_name":"Maddalena Martini","author_link":"https:\/\/aimarginidellaselva.it\/index.php\/author\/madmaddalena\/"},"uagb_comment_info":0,"uagb_excerpt":"Se sei donna, marginale e con dipendenze, quello che rimane&nbsp;sono solo caramelle.&nbsp;Quelle che trovi in aeroporto,&nbsp;pensando che&nbsp;possa farti da casa.&nbsp; Hai solo caramelleQuelle che ti rimangono&nbsp;mentre chiedi aiuto&nbsp;e non lo si riesce a ricevere.&nbsp; Hai solo caramelleChe non ti bastano&nbsp;e rovisti nella spazzatura. Hai solo caramelleQuelle che mi offri&nbsp;come fossero carezze&nbsp;Quelle che tu vorresti&nbsp;perch\u00e9 ti&hellip;","_links":{"self":[{"href":"https:\/\/aimarginidellaselva.it\/index.php\/wp-json\/wp\/v2\/pages\/2076","targetHints":{"allow":["GET"]}}],"collection":[{"href":"https:\/\/aimarginidellaselva.it\/index.php\/wp-json\/wp\/v2\/pages"}],"about":[{"href":"https:\/\/aimarginidellaselva.it\/index.php\/wp-json\/wp\/v2\/types\/page"}],"author":[{"embeddable":true,"href":"https:\/\/aimarginidellaselva.it\/index.php\/wp-json\/wp\/v2\/users\/2"}],"replies":[{"embeddable":true,"href":"https:\/\/aimarginidellaselva.it\/index.php\/wp-json\/wp\/v2\/comments?post=2076"}],"version-history":[{"count":6,"href":"https:\/\/aimarginidellaselva.it\/index.php\/wp-json\/wp\/v2\/pages\/2076\/revisions"}],"predecessor-version":[{"id":2086,"href":"https:\/\/aimarginidellaselva.it\/index.php\/wp-json\/wp\/v2\/pages\/2076\/revisions\/2086"}],"up":[{"embeddable":true,"href":"https:\/\/aimarginidellaselva.it\/index.php\/wp-json\/wp\/v2\/pages\/413"}],"wp:featuredmedia":[{"embeddable":true,"href":"https:\/\/aimarginidellaselva.it\/index.php\/wp-json\/wp\/v2\/media\/2090"}],"wp:attachment":[{"href":"https:\/\/aimarginidellaselva.it\/index.php\/wp-json\/wp\/v2\/media?parent=2076"}],"wp:term":[{"taxonomy":"author","embeddable":true,"href":"https:\/\/aimarginidellaselva.it\/index.php\/wp-json\/wp\/v2\/ppma_author?post=2076"}],"curies":[{"name":"wp","href":"https:\/\/api.w.org\/{rel}","templated":true}]}}