{"id":1807,"date":"2025-01-20T11:33:56","date_gmt":"2025-01-20T10:33:56","guid":{"rendered":"https:\/\/aimarginidellaselva.it\/?page_id=1807"},"modified":"2025-01-20T11:33:57","modified_gmt":"2025-01-20T10:33:57","slug":"ruggine-fuliggine","status":"publish","type":"page","link":"https:\/\/aimarginidellaselva.it\/index.php\/pubblicazioni\/rubriche\/safe-sound\/ruggine-fuliggine\/","title":{"rendered":"Ruggine &amp; fuliggine"},"content":{"rendered":"\n<p><\/p>\n\n\n\n<p class=\"has-text-align-center\"><em>che sia ruggine o fuliggine:\u00a0<br>bruno residuo di vita<br>ardere intenso;<br>riposo gentile.<br>da l\u00ec, sono fenice<\/em><\/p>\n\n\n\n<p><\/p>\n\n\n\n<figure class=\"wp-block-image aligncenter size-large is-resized\"><img fetchpriority=\"high\" decoding=\"async\" width=\"1024\" height=\"1024\" src=\"https:\/\/aimarginidellaselva.it\/wp-content\/uploads\/2025\/01\/rugginefuliggine-ss-1024x1024.jpg\" alt=\"\" class=\"wp-image-1808\" style=\"width:488px;height:auto\" srcset=\"https:\/\/aimarginidellaselva.it\/wp-content\/uploads\/2025\/01\/rugginefuliggine-ss-1024x1024.jpg 1024w, https:\/\/aimarginidellaselva.it\/wp-content\/uploads\/2025\/01\/rugginefuliggine-ss-300x300.jpg 300w, https:\/\/aimarginidellaselva.it\/wp-content\/uploads\/2025\/01\/rugginefuliggine-ss-150x150.jpg 150w, https:\/\/aimarginidellaselva.it\/wp-content\/uploads\/2025\/01\/rugginefuliggine-ss-768x768.jpg 768w, https:\/\/aimarginidellaselva.it\/wp-content\/uploads\/2025\/01\/rugginefuliggine-ss-500x500.jpg 500w, https:\/\/aimarginidellaselva.it\/wp-content\/uploads\/2025\/01\/rugginefuliggine-ss-800x800.jpg 800w, https:\/\/aimarginidellaselva.it\/wp-content\/uploads\/2025\/01\/rugginefuliggine-ss-1280x1280.jpg 1280w, https:\/\/aimarginidellaselva.it\/wp-content\/uploads\/2025\/01\/rugginefuliggine-ss.jpg 1400w\" sizes=\"(max-width: 1024px) 100vw, 1024px\" \/><\/figure>\n\n\n\n<p><\/p>\n\n\n\n<p class=\"has-text-align-left\" style=\"font-size:17px\">Ruggine e fuliggine sono eredit\u00e0 timide di <strong>ci\u00f2 che \u00e8 stato vita<\/strong>, spettatrici silenziose dell\u2019esperienza. Mi ricordano che, anche quando qualcosa finisce, io, comunque, <strong>sono<\/strong>.<\/p>\n\n\n\n<p class=\"has-text-align-left\" style=\"font-size:17px\"><\/p>\n\n\n\n<ul class=\"wp-block-social-links aligncenter has-visible-labels has-icon-color has-icon-background-color is-style-pill-shape is-vertical is-content-justification-center is-nowrap is-layout-flex wp-container-core-social-links-is-layout-40a92a1b wp-block-social-links-is-layout-flex\"><li style=\"color:#fcb900;background-color:#000000;\" class=\"wp-social-link wp-social-link-spotify has-luminous-vivid-amber-color has-black-background-color wp-block-social-link\"><a rel=\"noopener nofollow\" target=\"_blank\" href=\"https:\/\/open.spotify.com\/playlist\/3q9GAjUwq1TguSjSZcCdGU?si=XKRWPUmdTFa1iiZC7ePXVg&#038;pi=e-ypjFcQ7xS3qx\" class=\"wp-block-social-link-anchor\"><svg width=\"24\" height=\"24\" viewBox=\"0 0 24 24\" version=\"1.1\" xmlns=\"http:\/\/www.w3.org\/2000\/svg\" aria-hidden=\"true\" focusable=\"false\"><path d=\"M12,2C6.477,2,2,6.477,2,12c0,5.523,4.477,10,10,10c5.523,0,10-4.477,10-10C22,6.477,17.523,2,12,2 M16.586,16.424 c-0.18,0.295-0.563,0.387-0.857,0.207c-2.348-1.435-5.304-1.76-8.785-0.964c-0.335,0.077-0.67-0.133-0.746-0.469 c-0.077-0.335,0.132-0.67,0.469-0.746c3.809-0.871,7.077-0.496,9.713,1.115C16.673,15.746,16.766,16.13,16.586,16.424 M17.81,13.7 c-0.226,0.367-0.706,0.482-1.072,0.257c-2.687-1.652-6.785-2.131-9.965-1.166C6.36,12.917,5.925,12.684,5.8,12.273 C5.675,11.86,5.908,11.425,6.32,11.3c3.632-1.102,8.147-0.568,11.234,1.328C17.92,12.854,18.035,13.335,17.81,13.7 M17.915,10.865 c-3.223-1.914-8.54-2.09-11.618-1.156C5.804,9.859,5.281,9.58,5.131,9.086C4.982,8.591,5.26,8.069,5.755,7.919 c3.532-1.072,9.404-0.865,13.115,1.338c0.445,0.264,0.59,0.838,0.327,1.282C18.933,10.983,18.359,11.129,17.915,10.865\"><\/path><\/svg><span class=\"wp-block-social-link-label\">ruggine&amp;fuliggine<\/span><\/a><\/li><\/ul>\n\n\n\n<p class=\"has-text-align-center\" style=\"font-size:17px\"><\/p>\n\n\n\n<div style=\"height:125px\" aria-hidden=\"true\" class=\"wp-block-spacer\"><\/div>\n","protected":false},"excerpt":{"rendered":"<p>che sia ruggine o fuliggine:\u00a0bruno residuo di vitaardere intenso;riposo gentile.da l\u00ec, sono fenice Ruggine e fuliggine sono eredit\u00e0 timide di ci\u00f2 che \u00e8 stato vita, spettatrici silenziose dell\u2019esperienza. Mi ricordano che, anche quando qualcosa finisce, io, comunque, sono.<\/p>\n","protected":false},"author":2,"featured_media":1808,"parent":1659,"menu_order":0,"comment_status":"closed","ping_status":"closed","template":"","meta":{"om_disable_all_campaigns":false,"_uag_custom_page_level_css":"","site-sidebar-layout":"default","site-content-layout":"","ast-site-content-layout":"narrow-width-container","site-content-style":"default","site-sidebar-style":"default","ast-global-header-display":"","ast-banner-title-visibility":"","ast-main-header-display":"","ast-hfb-above-header-display":"","ast-hfb-below-header-display":"","ast-hfb-mobile-header-display":"","site-post-title":"disabled","ast-breadcrumbs-content":"","ast-featured-img":"","footer-sml-layout":"","theme-transparent-header-meta":"","adv-header-id-meta":"","stick-header-meta":"","header-above-stick-meta":"","header-main-stick-meta":"","header-below-stick-meta":"","astra-migrate-meta-layouts":"default","ast-page-background-enabled":"default","ast-page-background-meta":{"desktop":{"background-color":"var(--ast-global-color-4)","background-image":"","background-repeat":"repeat","background-position":"center center","background-size":"auto","background-attachment":"scroll","background-type":"","background-media":"","overlay-type":"","overlay-color":"","overlay-opacity":"","overlay-gradient":""},"tablet":{"background-color":"","background-image":"","background-repeat":"repeat","background-position":"center center","background-size":"auto","background-attachment":"scroll","background-type":"","background-media":"","overlay-type":"","overlay-color":"","overlay-opacity":"","overlay-gradient":""},"mobile":{"background-color":"","background-image":"","background-repeat":"repeat","background-position":"center center","background-size":"auto","background-attachment":"scroll","background-type":"","background-media":"","overlay-type":"","overlay-color":"","overlay-opacity":"","overlay-gradient":""}},"ast-content-background-meta":{"desktop":{"background-color":"var(--ast-global-color-5)","background-image":"","background-repeat":"repeat","background-position":"center center","background-size":"auto","background-attachment":"scroll","background-type":"","background-media":"","overlay-type":"","overlay-color":"","overlay-opacity":"","overlay-gradient":""},"tablet":{"background-color":"var(--ast-global-color-5)","background-image":"","background-repeat":"repeat","background-position":"center center","background-size":"auto","background-attachment":"scroll","background-type":"","background-media":"","overlay-type":"","overlay-color":"","overlay-opacity":"","overlay-gradient":""},"mobile":{"background-color":"var(--ast-global-color-5)","background-image":"","background-repeat":"repeat","background-position":"center center","background-size":"auto","background-attachment":"scroll","background-type":"","background-media":"","overlay-type":"","overlay-color":"","overlay-opacity":"","overlay-gradient":""}},"footnotes":""},"ppma_author":[91],"class_list":["post-1807","page","type-page","status-publish","has-post-thumbnail","hentry"],"yoast_head":"<!-- This site is optimized with the Yoast SEO plugin v22.1 - https:\/\/yoast.com\/wordpress\/plugins\/seo\/ -->\n<title>Ruggine &amp; fuliggine - Ai margini della Selva<\/title>\n<meta name=\"robots\" content=\"index, follow, max-snippet:-1, max-image-preview:large, max-video-preview:-1\" \/>\n<link rel=\"canonical\" href=\"https:\/\/aimarginidellaselva.it\/index.php\/pubblicazioni\/rubriche\/safe-sound\/ruggine-fuliggine\/\" \/>\n<meta property=\"og:locale\" content=\"it_IT\" \/>\n<meta property=\"og:type\" content=\"article\" \/>\n<meta property=\"og:title\" content=\"Ruggine &amp; fuliggine - Ai margini della Selva\" \/>\n<meta property=\"og:description\" content=\"che sia ruggine o fuliggine:\u00a0bruno residuo di vitaardere intenso;riposo gentile.da l\u00ec, sono fenice Ruggine e fuliggine sono eredit\u00e0 timide di ci\u00f2 che \u00e8 stato vita, spettatrici silenziose dell\u2019esperienza. Mi ricordano che, anche quando qualcosa finisce, io, comunque, sono.\" \/>\n<meta property=\"og:url\" content=\"https:\/\/aimarginidellaselva.it\/index.php\/pubblicazioni\/rubriche\/safe-sound\/ruggine-fuliggine\/\" \/>\n<meta property=\"og:site_name\" content=\"Ai margini della Selva\" \/>\n<meta property=\"article:modified_time\" content=\"2025-01-20T10:33:57+00:00\" \/>\n<meta property=\"og:image\" content=\"https:\/\/aimarginidellaselva.it\/wp-content\/uploads\/2025\/01\/rugginefuliggine-ss.jpg\" \/>\n\t<meta property=\"og:image:width\" content=\"1400\" \/>\n\t<meta property=\"og:image:height\" content=\"1400\" \/>\n\t<meta property=\"og:image:type\" content=\"image\/jpeg\" \/>\n<meta name=\"twitter:card\" content=\"summary_large_image\" \/>\n<meta name=\"twitter:label1\" content=\"Tempo di lettura stimato\" \/>\n\t<meta name=\"twitter:data1\" content=\"1 minuto\" \/>\n<script type=\"application\/ld+json\" class=\"yoast-schema-graph\">{\"@context\":\"https:\/\/schema.org\",\"@graph\":[{\"@type\":\"WebPage\",\"@id\":\"https:\/\/aimarginidellaselva.it\/index.php\/pubblicazioni\/rubriche\/safe-sound\/ruggine-fuliggine\/\",\"url\":\"https:\/\/aimarginidellaselva.it\/index.php\/pubblicazioni\/rubriche\/safe-sound\/ruggine-fuliggine\/\",\"name\":\"Ruggine &amp; fuliggine - Ai margini della Selva\",\"isPartOf\":{\"@id\":\"https:\/\/aimarginidellaselva.it\/#website\"},\"datePublished\":\"2025-01-20T10:33:56+00:00\",\"dateModified\":\"2025-01-20T10:33:57+00:00\",\"breadcrumb\":{\"@id\":\"https:\/\/aimarginidellaselva.it\/index.php\/pubblicazioni\/rubriche\/safe-sound\/ruggine-fuliggine\/#breadcrumb\"},\"inLanguage\":\"it-IT\",\"potentialAction\":[{\"@type\":\"ReadAction\",\"target\":[\"https:\/\/aimarginidellaselva.it\/index.php\/pubblicazioni\/rubriche\/safe-sound\/ruggine-fuliggine\/\"]}]},{\"@type\":\"BreadcrumbList\",\"@id\":\"https:\/\/aimarginidellaselva.it\/index.php\/pubblicazioni\/rubriche\/safe-sound\/ruggine-fuliggine\/#breadcrumb\",\"itemListElement\":[{\"@type\":\"ListItem\",\"position\":1,\"name\":\"Home\",\"item\":\"https:\/\/aimarginidellaselva.it\/\"},{\"@type\":\"ListItem\",\"position\":2,\"name\":\"PUBBLICAZIONI\",\"item\":\"https:\/\/aimarginidellaselva.it\/\"},{\"@type\":\"ListItem\",\"position\":3,\"name\":\"ACCENNI\",\"item\":\"https:\/\/aimarginidellaselva.it\/index.php\/pubblicazioni\/rubriche\/\"},{\"@type\":\"ListItem\",\"position\":4,\"name\":\"Safe &amp; Sound\",\"item\":\"https:\/\/aimarginidellaselva.it\/index.php\/pubblicazioni\/rubriche\/safe-sound\/\"},{\"@type\":\"ListItem\",\"position\":5,\"name\":\"Ruggine &amp; fuliggine\"}]},{\"@type\":\"WebSite\",\"@id\":\"https:\/\/aimarginidellaselva.it\/#website\",\"url\":\"https:\/\/aimarginidellaselva.it\/\",\"name\":\"Ai margini della Selva\",\"description\":\"\",\"publisher\":{\"@id\":\"https:\/\/aimarginidellaselva.it\/#organization\"},\"potentialAction\":[{\"@type\":\"SearchAction\",\"target\":{\"@type\":\"EntryPoint\",\"urlTemplate\":\"https:\/\/aimarginidellaselva.it\/?s={search_term_string}\"},\"query-input\":\"required name=search_term_string\"}],\"inLanguage\":\"it-IT\"},{\"@type\":\"Organization\",\"@id\":\"https:\/\/aimarginidellaselva.it\/#organization\",\"name\":\"Ai margini della Selva\",\"url\":\"https:\/\/aimarginidellaselva.it\/\",\"logo\":{\"@type\":\"ImageObject\",\"inLanguage\":\"it-IT\",\"@id\":\"https:\/\/aimarginidellaselva.it\/#\/schema\/logo\/image\/\",\"url\":\"https:\/\/aimarginidellaselva.it\/wp-content\/uploads\/2023\/12\/cropped-logo-aimarginidellaselva.png\",\"contentUrl\":\"https:\/\/aimarginidellaselva.it\/wp-content\/uploads\/2023\/12\/cropped-logo-aimarginidellaselva.png\",\"width\":2080,\"height\":2081,\"caption\":\"Ai margini della Selva\"},\"image\":{\"@id\":\"https:\/\/aimarginidellaselva.it\/#\/schema\/logo\/image\/\"},\"sameAs\":[\"https:\/\/www.instagram.com\/aimarginidellaselva\/\"]}]}<\/script>\n<!-- \/ Yoast SEO plugin. -->","yoast_head_json":{"title":"Ruggine &amp; fuliggine - Ai margini della Selva","robots":{"index":"index","follow":"follow","max-snippet":"max-snippet:-1","max-image-preview":"max-image-preview:large","max-video-preview":"max-video-preview:-1"},"canonical":"https:\/\/aimarginidellaselva.it\/index.php\/pubblicazioni\/rubriche\/safe-sound\/ruggine-fuliggine\/","og_locale":"it_IT","og_type":"article","og_title":"Ruggine &amp; fuliggine - Ai margini della Selva","og_description":"che sia ruggine o fuliggine:\u00a0bruno residuo di vitaardere intenso;riposo gentile.da l\u00ec, sono fenice Ruggine e fuliggine sono eredit\u00e0 timide di ci\u00f2 che \u00e8 stato vita, spettatrici silenziose dell\u2019esperienza. Mi ricordano che, anche quando qualcosa finisce, io, comunque, sono.","og_url":"https:\/\/aimarginidellaselva.it\/index.php\/pubblicazioni\/rubriche\/safe-sound\/ruggine-fuliggine\/","og_site_name":"Ai margini della Selva","article_modified_time":"2025-01-20T10:33:57+00:00","og_image":[{"width":1400,"height":1400,"url":"https:\/\/aimarginidellaselva.it\/wp-content\/uploads\/2025\/01\/rugginefuliggine-ss.jpg","type":"image\/jpeg"}],"twitter_card":"summary_large_image","twitter_misc":{"Tempo di lettura stimato":"1 minuto"},"schema":{"@context":"https:\/\/schema.org","@graph":[{"@type":"WebPage","@id":"https:\/\/aimarginidellaselva.it\/index.php\/pubblicazioni\/rubriche\/safe-sound\/ruggine-fuliggine\/","url":"https:\/\/aimarginidellaselva.it\/index.php\/pubblicazioni\/rubriche\/safe-sound\/ruggine-fuliggine\/","name":"Ruggine &amp; fuliggine - Ai margini della Selva","isPartOf":{"@id":"https:\/\/aimarginidellaselva.it\/#website"},"datePublished":"2025-01-20T10:33:56+00:00","dateModified":"2025-01-20T10:33:57+00:00","breadcrumb":{"@id":"https:\/\/aimarginidellaselva.it\/index.php\/pubblicazioni\/rubriche\/safe-sound\/ruggine-fuliggine\/#breadcrumb"},"inLanguage":"it-IT","potentialAction":[{"@type":"ReadAction","target":["https:\/\/aimarginidellaselva.it\/index.php\/pubblicazioni\/rubriche\/safe-sound\/ruggine-fuliggine\/"]}]},{"@type":"BreadcrumbList","@id":"https:\/\/aimarginidellaselva.it\/index.php\/pubblicazioni\/rubriche\/safe-sound\/ruggine-fuliggine\/#breadcrumb","itemListElement":[{"@type":"ListItem","position":1,"name":"Home","item":"https:\/\/aimarginidellaselva.it\/"},{"@type":"ListItem","position":2,"name":"PUBBLICAZIONI","item":"https:\/\/aimarginidellaselva.it\/"},{"@type":"ListItem","position":3,"name":"ACCENNI","item":"https:\/\/aimarginidellaselva.it\/index.php\/pubblicazioni\/rubriche\/"},{"@type":"ListItem","position":4,"name":"Safe &amp; Sound","item":"https:\/\/aimarginidellaselva.it\/index.php\/pubblicazioni\/rubriche\/safe-sound\/"},{"@type":"ListItem","position":5,"name":"Ruggine &amp; fuliggine"}]},{"@type":"WebSite","@id":"https:\/\/aimarginidellaselva.it\/#website","url":"https:\/\/aimarginidellaselva.it\/","name":"Ai margini della Selva","description":"","publisher":{"@id":"https:\/\/aimarginidellaselva.it\/#organization"},"potentialAction":[{"@type":"SearchAction","target":{"@type":"EntryPoint","urlTemplate":"https:\/\/aimarginidellaselva.it\/?s={search_term_string}"},"query-input":"required name=search_term_string"}],"inLanguage":"it-IT"},{"@type":"Organization","@id":"https:\/\/aimarginidellaselva.it\/#organization","name":"Ai margini della Selva","url":"https:\/\/aimarginidellaselva.it\/","logo":{"@type":"ImageObject","inLanguage":"it-IT","@id":"https:\/\/aimarginidellaselva.it\/#\/schema\/logo\/image\/","url":"https:\/\/aimarginidellaselva.it\/wp-content\/uploads\/2023\/12\/cropped-logo-aimarginidellaselva.png","contentUrl":"https:\/\/aimarginidellaselva.it\/wp-content\/uploads\/2023\/12\/cropped-logo-aimarginidellaselva.png","width":2080,"height":2081,"caption":"Ai margini della Selva"},"image":{"@id":"https:\/\/aimarginidellaselva.it\/#\/schema\/logo\/image\/"},"sameAs":["https:\/\/www.instagram.com\/aimarginidellaselva\/"]}]}},"uagb_featured_image_src":{"full":["https:\/\/aimarginidellaselva.it\/wp-content\/uploads\/2025\/01\/rugginefuliggine-ss.jpg",1400,1400,false],"thumbnail":["https:\/\/aimarginidellaselva.it\/wp-content\/uploads\/2025\/01\/rugginefuliggine-ss-150x150.jpg",150,150,true],"medium":["https:\/\/aimarginidellaselva.it\/wp-content\/uploads\/2025\/01\/rugginefuliggine-ss-300x300.jpg",300,300,true],"medium_large":["https:\/\/aimarginidellaselva.it\/wp-content\/uploads\/2025\/01\/rugginefuliggine-ss-768x768.jpg",768,768,true],"large":["https:\/\/aimarginidellaselva.it\/wp-content\/uploads\/2025\/01\/rugginefuliggine-ss-1024x1024.jpg",1024,1024,true],"1536x1536":["https:\/\/aimarginidellaselva.it\/wp-content\/uploads\/2025\/01\/rugginefuliggine-ss.jpg",1400,1400,false],"2048x2048":["https:\/\/aimarginidellaselva.it\/wp-content\/uploads\/2025\/01\/rugginefuliggine-ss.jpg",1400,1400,false],"awb_sm":["https:\/\/aimarginidellaselva.it\/wp-content\/uploads\/2025\/01\/rugginefuliggine-ss-500x500.jpg",500,500,true],"awb_md":["https:\/\/aimarginidellaselva.it\/wp-content\/uploads\/2025\/01\/rugginefuliggine-ss-800x800.jpg",800,800,true],"awb_lg":["https:\/\/aimarginidellaselva.it\/wp-content\/uploads\/2025\/01\/rugginefuliggine-ss-1280x1280.jpg",1280,1280,true],"awb_xl":["https:\/\/aimarginidellaselva.it\/wp-content\/uploads\/2025\/01\/rugginefuliggine-ss.jpg",1400,1400,false]},"uagb_author_info":{"display_name":"Maddalena Martini","author_link":"https:\/\/aimarginidellaselva.it\/index.php\/author\/madmaddalena\/"},"uagb_comment_info":0,"uagb_excerpt":"che sia ruggine o fuliggine:\u00a0bruno residuo di vitaardere intenso;riposo gentile.da l\u00ec, sono fenice Ruggine e fuliggine sono eredit\u00e0 timide di ci\u00f2 che \u00e8 stato vita, spettatrici silenziose dell\u2019esperienza. Mi ricordano che, anche quando qualcosa finisce, io, comunque, sono.","_links":{"self":[{"href":"https:\/\/aimarginidellaselva.it\/index.php\/wp-json\/wp\/v2\/pages\/1807","targetHints":{"allow":["GET"]}}],"collection":[{"href":"https:\/\/aimarginidellaselva.it\/index.php\/wp-json\/wp\/v2\/pages"}],"about":[{"href":"https:\/\/aimarginidellaselva.it\/index.php\/wp-json\/wp\/v2\/types\/page"}],"author":[{"embeddable":true,"href":"https:\/\/aimarginidellaselva.it\/index.php\/wp-json\/wp\/v2\/users\/2"}],"replies":[{"embeddable":true,"href":"https:\/\/aimarginidellaselva.it\/index.php\/wp-json\/wp\/v2\/comments?post=1807"}],"version-history":[{"count":9,"href":"https:\/\/aimarginidellaselva.it\/index.php\/wp-json\/wp\/v2\/pages\/1807\/revisions"}],"predecessor-version":[{"id":1818,"href":"https:\/\/aimarginidellaselva.it\/index.php\/wp-json\/wp\/v2\/pages\/1807\/revisions\/1818"}],"up":[{"embeddable":true,"href":"https:\/\/aimarginidellaselva.it\/index.php\/wp-json\/wp\/v2\/pages\/1659"}],"wp:featuredmedia":[{"embeddable":true,"href":"https:\/\/aimarginidellaselva.it\/index.php\/wp-json\/wp\/v2\/media\/1808"}],"wp:attachment":[{"href":"https:\/\/aimarginidellaselva.it\/index.php\/wp-json\/wp\/v2\/media?parent=1807"}],"wp:term":[{"taxonomy":"author","embeddable":true,"href":"https:\/\/aimarginidellaselva.it\/index.php\/wp-json\/wp\/v2\/ppma_author?post=1807"}],"curies":[{"name":"wp","href":"https:\/\/api.w.org\/{rel}","templated":true}]}}